
{"id":3,"date":"2023-01-23T14:58:35","date_gmt":"2023-01-23T14:58:35","guid":{"rendered":"https:\/\/ouafra.com\/?page_id=3"},"modified":"2023-01-24T16:17:43","modified_gmt":"2023-01-24T16:17:43","slug":"privacy-policy","status":"publish","type":"page","link":"https:\/\/ouafra.com\/ar\/privacy-policy\/","title":{"rendered":"POLITIQUE DE CONFIDENTIALIT\u00c9"},"content":{"rendered":"<h2 class=\"wp-block-heading\">POLITIQUE DE CONFIDENTIALIT\u00c9<\/h2>\n\n\n\n<h5 class=\"wp-block-heading\">Vous trouverez ci-dessous la politique de confidentialit\u00e9 pour ouafra.com Veuillez vous assurer de le lire attentivement<\/h5>\n\n\n\n<h4 class=\"wp-block-heading\"><strong class=\"privacy-policy-tutorial\">QUELLES INFORMATIONS COLLECTONS-NOUS ?<\/strong><\/h4>\n\n\n\n<p>Nous collectons des informations aupr\u00e8s de vous lorsque vous vous inscrivez sur notre site, de passez une commande, lorsque vous abonnez \u00e0 notre newsletter, r\u00e9pondez \u00e0 une enqu\u00eate ou remplissez un formulaire.<\/p>\n\n\n\n<p>Lors d\u2019une commande ou de l&#8217;inscription sur notre site, le cas \u00e9ch\u00e9ant, il peut vous \u00eatre demand\u00e9 de saisir votre:<\/p>\n\n\n\n<ul class=\"wp-block-list\">\n<li>Nom complet<\/li>\n\n\n\n<li>Adresse e-mail<\/li>\n\n\n\n<li>Num\u00e9ro de t\u00e9l\u00e9phone<\/li>\n\n\n\n<li>Adresse &amp; lieu<\/li>\n<\/ul>\n\n\n\n<p>Vous pouvez aussi; visitez notre site de mani\u00e8re anonyme.<\/p>\n\n\n\n<h4 class=\"wp-block-heading\"><strong>\u00c0 QUOI UTILISONS-NOUS VOS INFORMATIONS?<\/strong><\/h4>\n\n\n\n<p>Toutes les informations que nous recueillons aupr\u00e8s de vous peuvent \u00eatre utilis\u00e9s dans l&#8217;une des fa\u00e7ons suivantes:<\/p>\n\n\n\n<ul class=\"wp-block-list\">\n<li>Pour personnaliser votre exp\u00e9rience: Vos informations nous aident \u00e0 mieux r\u00e9pondre \u00e0 vos besoins individuels.<\/li>\n\n\n\n<li>Pour am\u00e9liorer le service client: Vos informations nous aident \u00e0 r\u00e9pondre plus efficacement \u00e0 vos demandes de service client et \u00e0 vos besoins d&#8217;assistance.<\/li>\n\n\n\n<li>Pour traiter les transactions: vos informations; qu&#8217;elles soient publiques ou priv\u00e9es; ne seront pas vendues, \u00e9chang\u00e9es, transf\u00e9r\u00e9es ou donn\u00e9es \u00e0 une autre soci\u00e9t\u00e9 pour quelque raison que ce soit, sans votre consentement, autre que dans le but expr\u00e8s de livrer le produit achet\u00e9 ou le service demand\u00e9.<\/li>\n\n\n\n<li>Pour envoyer des e-mails p\u00e9riodiques: L&#8217;adresse e-mail que vous fournissez pour le traitement des commandes peut \u00eatre utilis\u00e9e pour vous envoyer des informations et des mises \u00e0 jour relatives \u00e0 votre commande, en plus de recevoir occasionnellement des nouvelles de la soci\u00e9t\u00e9, des mises \u00e0 jour, des informations sur les produits ou services, etc..<\/li>\n<\/ul>\n\n\n\n<h4 class=\"wp-block-heading\">COMMENT PROT\u00c9GEONS-NOUS VOS INFORMATIONS?<\/h4>\n\n\n\n<p>Nous mettons en \u0153uvre une s\u00e9rie de mesures de s\u00e9curit\u00e9 pour maintenir la s\u00e9curit\u00e9 de vos informations personnelles lorsque vous passez une commande ou entrez, soumettez, ou acc\u00e9der \u00e0 vos renseignements personnels.<\/p>\n\n\n\n<p>Nous utilisons un serveur s\u00e9curis\u00e9. Toutes les informations sensibles \/ de cr\u00e9dit fournies sont transmises via la technologie Secure Socket Layer (SSL) puis crypt\u00e9es dans notre base de donn\u00e9es des fournisseurs de passerelles de paiement uniquement pour \u00eatre accessibles aux personnes autoris\u00e9es avec des droits d&#8217;acc\u00e8s sp\u00e9ciaux \u00e0 ces syst\u00e8mes, et sont tenues de garder les informations confidentielles. une transaction, vos informations personnelles telles que vos cartes de cr\u00e9dit, ne sera pas stock\u00e9, vendu, partag\u00e9 ou lou\u00e9 \u00e0 des tiers.<\/p>\n\n\n\n<h4 class=\"wp-block-heading\"><strong>DIVULGUONS-NOUS DES INFORMATIONS \u00c0 DES PARTIES EXT\u00c9RIEURES?<\/strong><\/h4>\n\n\n\n<p>Nous ne vendons pas, n&#8217;\u00e9changeons pas ou ne transf\u00e9rons pas \u00e0 des tiers vos informations personnelles identifiables. Cela ne comprend pas les tiers de confiance qui nous aident \u00e0 exploiter notre site Web, la conduite de nos affaires, ou vous servir, tant que ces parties conviennent de garder ces informations confidentielles. Nous pouvons \u00e9galement divulguer vos informations lorsque nous croyons n\u00e9cessaire de se conformer \u00e0 la loi, appliquer nos politiques de site, ou d&#8217;autres prot\u00e9ger ou nos droits, la propri\u00e9t\u00e9 ou la s\u00e9curit\u00e9. Cependant, des informations non personnellement identifiables sur les visiteurs peuvent \u00eatre fournies \u00e0 d&#8217;autres parties \u00e0 des fins de marketing, de publicit\u00e9 ou \u00e0 d&#8217;autres fins.<\/p>\n\n\n\n<h4 class=\"wp-block-heading\"><strong>QUE SONT LES COOKIES, LES UTILISONS-NOUS?<\/strong><\/h4>\n\n\n\n<p>Les cookies sont de petits fichiers qu&#8217;un site ou son fournisseur de services transf\u00e8re sur le disque dur de votre ordinateur via votre navigateur Web (si vous le permettez) qui permet aux sites ou aux syst\u00e8mes des fournisseurs de services de reconna\u00eetre votre navigateur et de capturer et de m\u00e9moriser certaines informations. Nous utilisons des cookies pour nous aider \u00e0 nous souvenir et \u00e0 traiter les articles de votre panier, \u00e0 comprendre et \u00e0 enregistrer vos pr\u00e9f\u00e9rences pour les visites futures, et \u00e0 compiler des donn\u00e9es agr\u00e9g\u00e9es sur le trafic et l&#8217;interaction du site afin que nous puissions offrir de meilleures exp\u00e9riences et outils sur le site \u00e0 l&#8217;avenir.<\/p>\n\n\n\n<p>ous pouvons conclure des contrats avec des prestataires de services tiers pour nous aider \u00e0 mieux comprendre les visiteurs de notre site. Ces prestataires de services ne sont pas autoris\u00e9s \u00e0 utiliser les informations collect\u00e9es en notre nom, sauf pour nous aider \u00e0 mener et \u00e0 am\u00e9liorer nos activit\u00e9s. Votre consentement En utilisant notre site, vous consentez \u00e0 la politique de confidentialit\u00e9 de nos sites Web.<\/p>\n\n\n\n<h4 class=\"wp-block-heading\"><strong>MODIFICATIONS DE NOTRE POLITIQUE DE CONFIDENTIALIT\u00c9<\/strong><\/h4>\n\n\n\n<p>Si nous d\u00e9cidons de modifier notre politique de confidentialit\u00e9, nous publierons ces modifications sur cette page.<\/p>\n\n\n\n<h4 class=\"wp-block-heading\"><strong>OBTENU DES QUESTIONS?<\/strong><\/h4>\n\n\n\n<p>Veuillez vous r\u00e9f\u00e9rer \u00e0 Contactez-nous sur info@ouafra.com<\/p>","protected":false},"excerpt":{"rendered":"<p>POLITIQUE DE CONFIDENTIALIT\u00c9 Vous trouverez ci-dessous la politique de confidentialit\u00e9 pour ouafra.com Veuillez vous assurer de le lire attentivement QUELLES INFORMATIONS COLLECTONS-NOUS ? Nous collectons des informations aupr\u00e8s de vous lorsque vous vous inscrivez sur notre site, de passez une commande, lorsque vous abonnez \u00e0 notre newsletter, r\u00e9pondez \u00e0 une enqu\u00eate ou remplissez un formulaire&#8230;.<\/p>","protected":false},"author":1,"featured_media":0,"parent":0,"menu_order":0,"comment_status":"closed","ping_status":"open","template":"","meta":{"footnotes":""},"class_list":["post-3","page","type-page","status-publish","hentry"],"_links":{"self":[{"href":"https:\/\/ouafra.com\/ar\/wp-json\/wp\/v2\/pages\/3","targetHints":{"allow":["GET"]}}],"collection":[{"href":"https:\/\/ouafra.com\/ar\/wp-json\/wp\/v2\/pages"}],"about":[{"href":"https:\/\/ouafra.com\/ar\/wp-json\/wp\/v2\/types\/page"}],"author":[{"embeddable":true,"href":"https:\/\/ouafra.com\/ar\/wp-json\/wp\/v2\/users\/1"}],"replies":[{"embeddable":true,"href":"https:\/\/ouafra.com\/ar\/wp-json\/wp\/v2\/comments?post=3"}],"version-history":[{"count":7,"href":"https:\/\/ouafra.com\/ar\/wp-json\/wp\/v2\/pages\/3\/revisions"}],"predecessor-version":[{"id":5397,"href":"https:\/\/ouafra.com\/ar\/wp-json\/wp\/v2\/pages\/3\/revisions\/5397"}],"wp:attachment":[{"href":"https:\/\/ouafra.com\/ar\/wp-json\/wp\/v2\/media?parent=3"}],"curies":[{"name":"wp","href":"https:\/\/api.w.org\/{rel}","templated":true}]}}