
{"id":3575,"date":"2023-02-20T22:16:42","date_gmt":"2023-02-20T21:16:42","guid":{"rendered":"https:\/\/ouafra.com\/?page_id=3575"},"modified":"2023-05-27T14:50:45","modified_gmt":"2023-05-27T13:50:45","slug":"vendre-a-linternational","status":"publish","type":"page","link":"https:\/\/ouafra.com\/ar\/vendre-a-linternational\/","title":{"rendered":"Vendre \u00e0 l&#8217;international"},"content":{"rendered":"<figure class=\"wp-block-image size-full\"><img fetchpriority=\"high\" decoding=\"async\" width=\"750\" height=\"500\" src=\"https:\/\/ouafra.com\/wp-content\/uploads\/2023\/02\/Rechercher-des-options-dexpedition-internationales-pour-vendre-a-linternational-1.jpg\" alt=\"\" class=\"wp-image-3615\" srcset=\"https:\/\/ouafra.com\/wp-content\/uploads\/2023\/02\/Rechercher-des-options-dexpedition-internationales-pour-vendre-a-linternational-1.jpg 750w, https:\/\/ouafra.com\/wp-content\/uploads\/2023\/02\/Rechercher-des-options-dexpedition-internationales-pour-vendre-a-linternational-1-600x400.jpg 600w, https:\/\/ouafra.com\/wp-content\/uploads\/2023\/02\/Rechercher-des-options-dexpedition-internationales-pour-vendre-a-linternational-1-300x200.jpg 300w, https:\/\/ouafra.com\/wp-content\/uploads\/2023\/02\/Rechercher-des-options-dexpedition-internationales-pour-vendre-a-linternational-1-18x12.jpg 18w\" sizes=\"(max-width: 750px) 100vw, 750px\" \/><\/figure>\n\n\n\n<h2 class=\"wp-block-heading\">  <\/h2>\n\n\n\n<p>Bienvenue chez Ouafra, votre passerelle vers le succ\u00e8s des ventes internationales ! Nous sommes ravis de vous offrir une plateforme in\u00e9gal\u00e9e pour \u00e9tendre votre activit\u00e9 et atteindre des clients du monde entier.<br><br>Nous comprenons que les artisans, les coop\u00e9ratives et les entreprises ou encore promoteurs sp\u00e9cialis\u00e9es dans les produits handmade &amp; terroir poss\u00e8dent une cr\u00e9ativit\u00e9 et un savoir-faire extraordinaires. Nous savent tr\u00e9s bien que tous vos produits m\u00e9ritent d&#8217;\u00eatre pr\u00e9sent\u00e9s \u00e0 l&#8217;\u00e9chelle mondiale, vous permettant ainsi d&#8217;atteindre des clients au-del\u00e0 de votre march\u00e9 local. C&#8217;est pourquoi nous proposons des services complets pour faciliter la vente \u00e0 l&#8217;international, vous permettant de d\u00e9velopper votre activit\u00e9 et d&#8217;entrer en contact avec un public plus large.<br><br>Ouafra s&#8217;engage \u00e0 aider des artisans, coop\u00e9ratives ou entreprises comme la v\u00f4tre \u00e0 se connecter aux march\u00e9s internationaux, \u00e0 stimuler les ventes et \u00e0 ouvrir de nouvelles opportunit\u00e9s de croissance.<\/p>\n\n\n\n<ul class=\"wp-block-list\">\n<li><strong><a href=\"https:\/\/catalog.ouafra.com\/\">Ouafra Catalog<\/a><\/strong> pour une exposition mondiale :<\/li>\n<\/ul>\n\n\n\n<p>Notre e-boutique sert de vitrine virtuelle pour pr\u00e9senter vos produits artisanaux uniques aux clients du monde entier. Gr\u00e2ce \u00e0 une page d&#8217;accueil attrayante et conviviale, nous veillons \u00e0 ce que vos produits captent l&#8217;attention qu&#8217;ils m\u00e9ritent. Nous cr\u00e9ons un espace d\u00e9di\u00e9 \u00e0 chaque vendeur, permettant aux visiteurs de parcourir une gamme de vos chefs-d&#8217;\u0153uvre artisanaux.<\/p>\n\n\n\n<ul class=\"wp-block-list\">\n<li>Traitement s\u00e9curis\u00e9 des paiements internationaux et nationaux :<\/li>\n<\/ul>\n\n\n\n<p>La gestion des paiements internationaux peut \u00eatre complexe et intimidante. Chez Ouafra, nous simplifions le processus en proposant des options de paiement fluides et s\u00e9curis\u00e9es pour les clients internationaux et nationaux. Notre passerelle de paiement de confiance garantit des transactions sans probl\u00e8me, offrant une tranquillit\u00e9 d&#8217;esprit aussi bien aux vendeurs qu&#8217;aux acheteurs.<\/p>\n\n\n\n<ul class=\"wp-block-list\">\n<li>Fiches produits professionnelles et retouche photo :<\/li>\n<\/ul>\n\n\n\n<p>Nous comprenons l&#8217;importance de pr\u00e9senter vos produits de mani\u00e8re professionnelle pour attirer les clients. C&#8217;est pourquoi nous offrons des services de cr\u00e9ation de fiches produits d\u00e9taill\u00e9es et de retouche photo de haute qualit\u00e9. Vous fournissez les photos de vos produits et notre \u00e9quipe de designers talentueux se charge d&#8217;\u00e9diter les images pour les sublimer. Nous nous assurons ainsi que vos produits artisanaux sont pr\u00e9sent\u00e9s de mani\u00e8re attrayante, mettant en valeur leurs caract\u00e9ristiques uniques et leur qualit\u00e9 exceptionnelle.<\/p>\n\n\n\n<ul class=\"wp-block-list\">\n<li>Design &amp; Branding pour une attractivit\u00e9 internationale<\/li>\n<\/ul>\n\n\n\n<p>Design et branding pour une attractivit\u00e9 internationale : La construction d&#8217;une identit\u00e9 de marque solide est essentielle pour vous d\u00e9marquer sur le march\u00e9 international. Notre \u00e9quipe de designers exp\u00e9riment\u00e9s peut vous aider \u00e0 cr\u00e9er une pr\u00e9sence de marque coh\u00e9rente qui r\u00e9sonne avec votre public cible. Nous travaillerons avec vous pour concevoir un logo percutant et \u00e9laborer une strat\u00e9gie de design qui refl\u00e8te l&#8217;essence de vos produits artisanaux. De plus, nous pouvons vous accompagner dans la cr\u00e9ation de visuels attrayants pour les r\u00e9seaux sociaux, les flyers, les catalogues imprimables, et bien plus encore.<\/p>\n\n\n\n<ul class=\"wp-block-list\">\n<li>Expansion du march\u00e9 et port\u00e9e internationale :<\/li>\n<\/ul>\n\n\n\n<p>En tirant parti de l&#8217;exposition internationale offerte par notre plateforme sur <a href=\"https:\/\/catalog.ouafra.com\">Ouafra Catalog<\/a>, vous pouvez \u00e9tendre votre port\u00e9e bien au-del\u00e0 de votre march\u00e9 local. Avec des clients issus de diff\u00e9rents pays et de milieux vari\u00e9s visitant notre e-boutique, vos produits handmade ont l&#8217;opportunit\u00e9 de faire sensation \u00e0 l&#8217;\u00e9chelle mondiale. Nos strat\u00e9gies de marketing d\u00e9di\u00e9es et nos promotions cibl\u00e9es aident \u00e0 attirer des clients int\u00e9ress\u00e9s par des produits artisanaux uniques. Gr\u00e2ce \u00e0 notre plateforme, vous pouvez augmenter vos ventes et d\u00e9velopper votre base de clients.<\/p>\n\n\n\n<ul class=\"wp-block-list\">\n<li>Vendez \u00e0 l&#8217;international en toute confiance :<\/li>\n<\/ul>\n\n\n\n<p>Chez Ouafra, nous vous fournissons les outils et le soutien n\u00e9cessaires pour vendre vos produits artisanaux \u00e0 l&#8217;international. Que vous soyez un artisan, une coop\u00e9rative ou une entreprise ou bien encore un promoteur, nos services complets et notre plateforme mondiale vous permettent de p\u00e9n\u00e9trer de nouveaux march\u00e9s, de vous connecter avec des clients du monde entier et de faire prosp\u00e9rer votre activit\u00e9. Rejoignez-nous d\u00e8s aujourd&#8217;hui et ouvrez-vous aux opportunit\u00e9s illimit\u00e9es offertes par la vente \u00e0 l&#8217;international.<\/p>\n\n\n\n<blockquote class=\"wp-block-quote is-layout-flow wp-block-quote-is-layout-flow\">\n<p><em>Lib\u00e9rez l&#8217;\u00e9treinte du monde pour vos tr\u00e9sors artisanaux. Avec Ouafra, vendre \u00e0 l&#8217;international devient un voyage fluide m\u00ealant cr\u00e9ativit\u00e9, culture et connexions mondiales.<\/em><\/p>\n<cite>ouafra<\/cite><\/blockquote>","protected":false},"excerpt":{"rendered":"<p>Bienvenue chez Ouafra, votre passerelle vers le succ\u00e8s des ventes internationales ! Nous sommes ravis de vous offrir une plateforme in\u00e9gal\u00e9e pour \u00e9tendre votre activit\u00e9 et atteindre des clients du monde entier. Nous comprenons que les artisans, les coop\u00e9ratives et les entreprises ou encore promoteurs sp\u00e9cialis\u00e9es dans les produits handmade &amp; terroir poss\u00e8dent une cr\u00e9ativit\u00e9&#8230;<\/p>","protected":false},"author":1,"featured_media":0,"parent":0,"menu_order":0,"comment_status":"closed","ping_status":"closed","template":"","meta":{"footnotes":""},"class_list":["post-3575","page","type-page","status-publish","hentry"],"_links":{"self":[{"href":"https:\/\/ouafra.com\/ar\/wp-json\/wp\/v2\/pages\/3575","targetHints":{"allow":["GET"]}}],"collection":[{"href":"https:\/\/ouafra.com\/ar\/wp-json\/wp\/v2\/pages"}],"about":[{"href":"https:\/\/ouafra.com\/ar\/wp-json\/wp\/v2\/types\/page"}],"author":[{"embeddable":true,"href":"https:\/\/ouafra.com\/ar\/wp-json\/wp\/v2\/users\/1"}],"replies":[{"embeddable":true,"href":"https:\/\/ouafra.com\/ar\/wp-json\/wp\/v2\/comments?post=3575"}],"version-history":[{"count":7,"href":"https:\/\/ouafra.com\/ar\/wp-json\/wp\/v2\/pages\/3575\/revisions"}],"predecessor-version":[{"id":42913,"href":"https:\/\/ouafra.com\/ar\/wp-json\/wp\/v2\/pages\/3575\/revisions\/42913"}],"wp:attachment":[{"href":"https:\/\/ouafra.com\/ar\/wp-json\/wp\/v2\/media?parent=3575"}],"curies":[{"name":"wp","href":"https:\/\/api.w.org\/{rel}","templated":true}]}}