
{"id":42302,"date":"2026-01-21T18:45:08","date_gmt":"2026-01-21T17:45:08","guid":{"rendered":"https:\/\/ouafra.com\/produit\/kit-reseaux-sociaux-pret-a-publier-templates-excel\/"},"modified":"2026-01-22T19:41:19","modified_gmt":"2026-01-22T18:41:19","slug":"kit-reseaux-sociaux-pret-a-publier-templates-excel","status":"publish","type":"product","link":"https:\/\/ouafra.com\/ar\/service\/kit-reseaux-sociaux-pret-a-publier-templates-excel\/","title":{"rendered":"Kit R\u00e9seaux Sociaux Pr\u00eat \u00e0 Publier (Templates + Excel)"},"content":{"rendered":"<h3>Inclus<\/h3>\n<ul>\n<li>Templates harmonis\u00e9s (posts + stories)<\/li>\n<li>Photo de profil (logo) + couverture (option selon pack)<\/li>\n<li>Bonus : Fichier Excel calendrier 30 jours<\/li>\n<\/ul>\n<h3>Livrables<\/h3>\n<ul>\n<li>Pack templates (Canva) + fichier Excel calendrier<\/li>\n<\/ul>\n<h3>D\u00e9lais &amp; pr\u00e9requis<\/h3>\n<p>2 \u00e0 7 jours ouvr\u00e9s.<\/p>\n<p><strong>\u00c0 fournir :<\/strong> logo (si existant), couleurs, style, 3 exemples d\u2019inspiration.<\/p>\n<h3>CTA<\/h3>\n<p><strong>Recevoir mon kit pr\u00eat \u00e0 publier<\/strong><\/p>\n<hr \/>\n<h4 style=\"text-align: center;\">\u0642\u0648\u0627\u0644\u0628 \u062c\u0627\u0647\u0632\u0629 \u0644\u0644\u0646\u0634\u0631 + \u0645\u0644\u0641 Excel \u0644\u062a\u0646\u0638\u064a\u0645 \u0645\u0646\u0634\u0648\u0631\u0627\u062a \u0627\u0644\u0634\u0647\u0631<\/h4>","protected":false},"excerpt":{"rendered":"<p>Templates + Fichier Excel pour votre calendrier \u00e9ditorial comme support pour structurer vos contenus et de publier r\u00e9guli\u00e8rement.<\/p>","protected":false},"featured_media":42311,"comment_status":"open","ping_status":"closed","template":"","meta":[],"product_brand":[],"product_cat":[1478],"product_tag":[1484,1485,1482,1483],"class_list":{"0":"post-42302","1":"product","2":"type-product","3":"status-publish","4":"has-post-thumbnail","6":"product_cat-identite-visibilite-digitale-artisans-cooperatives","7":"product_tag-artisans","8":"product_tag-cooperatives","9":"product_tag-ouafra","10":"product_tag-services","12":"first","13":"instock","14":"taxable","15":"shipping-taxable","16":"purchasable","17":"product-type-simple"},"_links":{"self":[{"href":"https:\/\/ouafra.com\/ar\/wp-json\/wp\/v2\/product\/42302","targetHints":{"allow":["GET"]}}],"collection":[{"href":"https:\/\/ouafra.com\/ar\/wp-json\/wp\/v2\/product"}],"about":[{"href":"https:\/\/ouafra.com\/ar\/wp-json\/wp\/v2\/types\/product"}],"replies":[{"embeddable":true,"href":"https:\/\/ouafra.com\/ar\/wp-json\/wp\/v2\/comments?post=42302"}],"wp:featuredmedia":[{"embeddable":true,"href":"https:\/\/ouafra.com\/ar\/wp-json\/wp\/v2\/media\/42311"}],"wp:attachment":[{"href":"https:\/\/ouafra.com\/ar\/wp-json\/wp\/v2\/media?parent=42302"}],"wp:term":[{"taxonomy":"product_brand","embeddable":true,"href":"https:\/\/ouafra.com\/ar\/wp-json\/wp\/v2\/product_brand?post=42302"},{"taxonomy":"product_cat","embeddable":true,"href":"https:\/\/ouafra.com\/ar\/wp-json\/wp\/v2\/product_cat?post=42302"},{"taxonomy":"product_tag","embeddable":true,"href":"https:\/\/ouafra.com\/ar\/wp-json\/wp\/v2\/product_tag?post=42302"}],"curies":[{"name":"wp","href":"https:\/\/api.w.org\/{rel}","templated":true}]}}