
{"id":3329,"date":"2023-02-11T12:48:43","date_gmt":"2023-02-11T11:48:43","guid":{"rendered":"https:\/\/ouafra.com\/?page_id=3329"},"modified":"2025-09-02T13:19:34","modified_gmt":"2025-09-02T12:19:34","slug":"about-us","status":"publish","type":"page","link":"https:\/\/ouafra.com\/en\/about-us\/","title":{"rendered":"\u00c0 propos de nous"},"content":{"rendered":"<div data-elementor-type=\"wp-page\" data-elementor-id=\"3329\" class=\"elementor elementor-3329\" data-elementor-post-type=\"page\">\n\t\t\t\t\t\t<section class=\"elementor-section elementor-top-section elementor-element elementor-element-4e0f04c elementor-section-boxed elementor-section-height-default elementor-section-height-default\" data-id=\"4e0f04c\" data-element_type=\"section\">\n\t\t\t\t\t\t<div class=\"elementor-container elementor-column-gap-default\">\n\t\t\t\t\t<div class=\"elementor-column elementor-col-50 elementor-top-column elementor-element elementor-element-f305119\" data-id=\"f305119\" data-element_type=\"column\">\n\t\t\t<div class=\"elementor-widget-wrap elementor-element-populated\">\n\t\t\t\t\t\t<div class=\"elementor-element elementor-element-09ce30a elementor-widget elementor-widget-heading\" data-id=\"09ce30a\" data-element_type=\"widget\" data-widget_type=\"heading.default\">\n\t\t\t\t\t<h5 class=\"elementor-heading-title elementor-size-default\">A Propos de nous<\/h5>\t\t\t\t<\/div>\n\t\t\t\t<div class=\"elementor-element elementor-element-fa17016 elementor-widget elementor-widget-text-editor\" data-id=\"fa17016\" data-element_type=\"widget\" data-widget_type=\"text-editor.default\">\n\t\t\t\t\t\t\t\t\t<p><span style=\"font-weight: 400;\">Notre mission principale est d&#8217;\u0153uvrer pour la communaut\u00e9, la cr\u00e9ation &amp; cr\u00e9ativit\u00e9, et la r\u00e9flexion \u00e9cologique pour que nos vendeurs puissent imaginer un commerce conduit de l\u2019Afrique et du Moyen Orient au monde.\u00a0<\/span><\/p>\t\t\t\t\t\t\t\t<\/div>\n\t\t\t\t\t<\/div>\n\t\t<\/div>\n\t\t\t\t<div class=\"elementor-column elementor-col-50 elementor-top-column elementor-element elementor-element-1d1b6f1\" data-id=\"1d1b6f1\" data-element_type=\"column\">\n\t\t\t<div class=\"elementor-widget-wrap elementor-element-populated\">\n\t\t\t\t\t\t<div class=\"elementor-element elementor-element-1e1552f elementor-widget elementor-widget-image\" data-id=\"1e1552f\" data-element_type=\"widget\" data-widget_type=\"image.default\">\n\t\t\t\t\t\t\t\t\t\t\t\t\t\t\t<img fetchpriority=\"high\" decoding=\"async\" width=\"720\" height=\"450\" src=\"https:\/\/ouafra.com\/wp-content\/uploads\/2023\/02\/About-Us.jpg\" class=\"attachment-large size-large wp-image-3608\" alt=\"about us ouafra\" srcset=\"https:\/\/ouafra.com\/wp-content\/uploads\/2023\/02\/About-Us.jpg 720w, https:\/\/ouafra.com\/wp-content\/uploads\/2023\/02\/About-Us-600x375.jpg 600w, https:\/\/ouafra.com\/wp-content\/uploads\/2023\/02\/About-Us-300x188.jpg 300w, https:\/\/ouafra.com\/wp-content\/uploads\/2023\/02\/About-Us-18x12.jpg 18w\" sizes=\"(max-width: 720px) 100vw, 720px\" \/>\t\t\t\t\t\t\t\t\t\t\t\t\t\t\t<\/div>\n\t\t\t\t\t<\/div>\n\t\t<\/div>\n\t\t\t\t\t<\/div>\n\t\t<\/section>\n\t\t\t\t<section class=\"elementor-section elementor-top-section elementor-element elementor-element-f9b58c0 elementor-section-boxed elementor-section-height-default elementor-section-height-default\" data-id=\"f9b58c0\" data-element_type=\"section\">\n\t\t\t\t\t\t<div class=\"elementor-container elementor-column-gap-default\">\n\t\t\t\t\t<div class=\"elementor-column elementor-col-50 elementor-top-column elementor-element elementor-element-6a7f5bf\" data-id=\"6a7f5bf\" data-element_type=\"column\">\n\t\t\t<div class=\"elementor-widget-wrap elementor-element-populated\">\n\t\t\t\t\t\t<div class=\"elementor-element elementor-element-bd1e69f elementor-widget elementor-widget-image\" data-id=\"bd1e69f\" data-element_type=\"widget\" data-widget_type=\"image.default\">\n\t\t\t\t\t\t\t\t\t\t\t\t\t\t\t<img decoding=\"async\" width=\"561\" height=\"591\" src=\"https:\/\/ouafra.com\/wp-content\/uploads\/2023\/02\/insperation.png\" class=\"attachment-large size-large wp-image-3610\" alt=\"insperation ouafra\" srcset=\"https:\/\/ouafra.com\/wp-content\/uploads\/2023\/02\/insperation.png 561w, https:\/\/ouafra.com\/wp-content\/uploads\/2023\/02\/insperation-285x300.png 285w, https:\/\/ouafra.com\/wp-content\/uploads\/2023\/02\/insperation-11x12.png 11w\" sizes=\"(max-width: 561px) 100vw, 561px\" \/>\t\t\t\t\t\t\t\t\t\t\t\t\t\t\t<\/div>\n\t\t\t\t\t<\/div>\n\t\t<\/div>\n\t\t\t\t<div class=\"elementor-column elementor-col-50 elementor-top-column elementor-element elementor-element-6b105fe\" data-id=\"6b105fe\" data-element_type=\"column\">\n\t\t\t<div class=\"elementor-widget-wrap elementor-element-populated\">\n\t\t\t\t\t\t<div class=\"elementor-element elementor-element-0b99bfa elementor-widget elementor-widget-heading\" data-id=\"0b99bfa\" data-element_type=\"widget\" data-widget_type=\"heading.default\">\n\t\t\t\t\t<h5 class=\"elementor-heading-title elementor-size-default\">Inspiration<\/h5>\t\t\t\t<\/div>\n\t\t\t\t<div class=\"elementor-element elementor-element-4bf9cf1 elementor-widget elementor-widget-text-editor\" data-id=\"4bf9cf1\" data-element_type=\"widget\" data-widget_type=\"text-editor.default\">\n\t\t\t\t\t\t\t\t\t<p>Ouafra a \u00e9t\u00e9 cr\u00e9\u00e9 en 2021 en tant que portail d&#8217;annonce pour les produits locaux, mettant en relation des artistes, artisans, coop\u00e9ratives et entreprises ou promoteurs (revendeurs, propri\u00e9taires de bazar..) \u00e0 travers le Maroc et certains pays d&#8217;Afrique. O\u00f9 ils ont la possibilit\u00e9 d&#8217;afficher leurs produits et de partager leurs histoires, en plus de b\u00e9n\u00e9ficier des services propos\u00e9s par le site (services de photographie, d&#8217;\u00e9criture, de marketing et de livraison).<\/p>\t\t\t\t\t\t\t\t<\/div>\n\t\t\t\t\t<\/div>\n\t\t<\/div>\n\t\t\t\t\t<\/div>\n\t\t<\/section>\n\t\t\t\t<section class=\"elementor-section elementor-top-section elementor-element elementor-element-7d8c32c elementor-section-boxed elementor-section-height-default elementor-section-height-default\" data-id=\"7d8c32c\" data-element_type=\"section\">\n\t\t\t\t\t\t<div class=\"elementor-container elementor-column-gap-default\">\n\t\t\t\t\t<div class=\"elementor-column elementor-col-50 elementor-top-column elementor-element elementor-element-250a126\" data-id=\"250a126\" data-element_type=\"column\">\n\t\t\t<div class=\"elementor-widget-wrap elementor-element-populated\">\n\t\t\t\t\t\t<div class=\"elementor-element elementor-element-ae9e0b5 elementor-widget elementor-widget-heading\" data-id=\"ae9e0b5\" data-element_type=\"widget\" data-widget_type=\"heading.default\">\n\t\t\t\t\t<h5 class=\"elementor-heading-title elementor-size-default\">Notre H\u00e9ritage &amp; nos Produits..\n<\/h5>\t\t\t\t<\/div>\n\t\t\t\t<div class=\"elementor-element elementor-element-6a16568 elementor-widget elementor-widget-text-editor\" data-id=\"6a16568\" data-element_type=\"widget\" data-widget_type=\"text-editor.default\">\n\t\t\t\t\t\t\t\t\t<p><span style=\"font-weight: 400;\">Nous allons constamment promouvoir et rechercher toute l\u2019ann\u00e9e des trouvailles cr\u00e9atives venant d\u2019Afrique et Moyen Orient.<\/span><span style=\"font-weight: 400;\">Nous invitons \u00e9galement les vendeurs \u00e9trangers \u00e0 y participer et de d\u00e9poser leurs annonces sur Ouafra<\/span><\/p><p><span style=\"font-weight: 400;\">Nous appr\u00e9cions encore plus des produits qui: <\/span><\/p><ul><li><span style=\"font-weight: 400;\">R\u00e9solvent un probl\u00e8me<\/span><\/li><li><span style=\"font-weight: 400;\">Sers \u00e0 un but<\/span><\/li><li><span style=\"color: var( --e-global-color-text ); font-family: var( --e-global-typography-text-font-family ), Sans-serif;\">Utiliser des mat\u00e9riaux hors du commun, des mat\u00e9riaux r\u00e9cup\u00e9r\u00e9s ou recycl\u00e9s.\u00a0<\/span><\/li><\/ul>\t\t\t\t\t\t\t\t<\/div>\n\t\t\t\t\t<\/div>\n\t\t<\/div>\n\t\t\t\t<div class=\"elementor-column elementor-col-50 elementor-top-column elementor-element elementor-element-ce65896\" data-id=\"ce65896\" data-element_type=\"column\">\n\t\t\t<div class=\"elementor-widget-wrap\">\n\t\t\t\t\t\t\t<\/div>\n\t\t<\/div>\n\t\t\t\t\t<\/div>\n\t\t<\/section>\n\t\t\t\t<section class=\"elementor-section elementor-top-section elementor-element elementor-element-1061c41 elementor-section-boxed elementor-section-height-default elementor-section-height-default\" data-id=\"1061c41\" data-element_type=\"section\">\n\t\t\t\t\t\t<div class=\"elementor-container elementor-column-gap-default\">\n\t\t\t\t\t<div class=\"elementor-column elementor-col-100 elementor-top-column elementor-element elementor-element-1c22f2e\" data-id=\"1c22f2e\" data-element_type=\"column\">\n\t\t\t<div class=\"elementor-widget-wrap elementor-element-populated\">\n\t\t\t\t\t\t<div class=\"elementor-element elementor-element-c7d6a91 elementor-widget elementor-widget-text-editor\" data-id=\"c7d6a91\" data-element_type=\"widget\" data-widget_type=\"text-editor.default\">\n\t\t\t\t\t\t\t\t\t<p><span style=\"font-weight: 400;\">Chaque annonce que nous avons dans la plate-forme compte pour nous, et souvent on en trouve une histoire derri\u00e8re \u00e0 retenir, nous souhaitons toujours savoir comment \u00e7a s&#8217;est cr\u00e9\u00e9, qui l&#8217;a fabriqu\u00e9, et le processus qui a contribu\u00e9 \u00e0 la mise du produit final. Nous pourrons travailler avec des centaines de vendeurs, et nous sommes fiers de repr\u00e9senter et d\u2019offrir aux artisans, coop\u00e9ratives ou cr\u00e9ateurs ind\u00e9pendants et promoteurs un lieu ou ils peuvent pr\u00e9senter leur travail et nos services qu\u2019on pourrait adapter qui leurs seront utiles.<\/span><\/p>\t\t\t\t\t\t\t\t<\/div>\n\t\t\t\t\t<\/div>\n\t\t<\/div>\n\t\t\t\t\t<\/div>\n\t\t<\/section>\n\t\t\t\t<\/div>","protected":false},"excerpt":{"rendered":"<p>A Propos de nous Notre mission principale est d&#8217;\u0153uvrer pour la communaut\u00e9, la cr\u00e9ation &amp; cr\u00e9ativit\u00e9, et la r\u00e9flexion \u00e9cologique pour que nos vendeurs puissent imaginer un commerce conduit de l\u2019Afrique et du Moyen Orient au monde.\u00a0 Inspiration Ouafra a \u00e9t\u00e9 cr\u00e9\u00e9 en 2021 en tant que portail d&#8217;annonce pour les produits locaux, mettant en&#8230;<\/p>","protected":false},"author":1,"featured_media":0,"parent":0,"menu_order":0,"comment_status":"closed","ping_status":"closed","template":"elementor_header_footer","meta":{"footnotes":""},"class_list":["post-3329","page","type-page","status-publish","hentry"],"_links":{"self":[{"href":"https:\/\/ouafra.com\/en\/wp-json\/wp\/v2\/pages\/3329","targetHints":{"allow":["GET"]}}],"collection":[{"href":"https:\/\/ouafra.com\/en\/wp-json\/wp\/v2\/pages"}],"about":[{"href":"https:\/\/ouafra.com\/en\/wp-json\/wp\/v2\/types\/page"}],"author":[{"embeddable":true,"href":"https:\/\/ouafra.com\/en\/wp-json\/wp\/v2\/users\/1"}],"replies":[{"embeddable":true,"href":"https:\/\/ouafra.com\/en\/wp-json\/wp\/v2\/comments?post=3329"}],"version-history":[{"count":38,"href":"https:\/\/ouafra.com\/en\/wp-json\/wp\/v2\/pages\/3329\/revisions"}],"predecessor-version":[{"id":40901,"href":"https:\/\/ouafra.com\/en\/wp-json\/wp\/v2\/pages\/3329\/revisions\/40901"}],"wp:attachment":[{"href":"https:\/\/ouafra.com\/en\/wp-json\/wp\/v2\/media?parent=3329"}],"curies":[{"name":"wp","href":"https:\/\/api.w.org\/{rel}","templated":true}]}}