
{"id":42299,"date":"2026-01-21T18:45:08","date_gmt":"2026-01-21T17:45:08","guid":{"rendered":"https:\/\/ouafra.com\/produit\/audit-presence-en-ligne-diagnostic\/"},"modified":"2026-01-21T19:40:53","modified_gmt":"2026-01-21T18:40:53","slug":"audit-presence-en-ligne-diagnostic","status":"publish","type":"product","link":"https:\/\/ouafra.com\/en\/service\/audit-presence-en-ligne-diagnostic\/","title":{"rendered":"Audit Pr\u00e9sence en Ligne (Diagnostic)"},"content":{"rendered":"<h3>Ce que l\u2019audit comprend<\/h3>\n<ul>\n<li>Identit\u00e9 &amp; coh\u00e9rence : nom, bio, liens, informations<\/li>\n<li>Google : pr\u00e9sence, infos, \u00e9l\u00e9ments de confiance<\/li>\n<li>R\u00e9seaux : bio, profil, highlights, boutons contact<\/li>\n<li>Boutiques : structure (Etsy\/Ouafra\/site), clart\u00e9 de l\u2019offre<\/li>\n<li>Conversion : parcours \u201cje comprends \u2192 je contacte\/ach\u00e8te\u201d<\/li>\n<li>Visuels : qualit\u00e9, cover, coh\u00e9rence, lisibilit\u00e9<\/li>\n<\/ul>\n<h3>Livrables<\/h3>\n<ul>\n<li>Rapport clair (PDF\/Doc)<\/li>\n<li>Checklist de corrections (ordre logique)<\/li>\n<\/ul>\n<h3>D\u00e9lais &amp; pr\u00e9requis<\/h3>\n<p>2 \u00e0 5 jours ouvr\u00e9s apr\u00e8s r\u00e9ception des liens.<\/p>\n<p><strong>\u00c0 fournir :<\/strong> liens des pages + objectif (visibilit\u00e9 \/ ventes \/ demandes).<\/p>\n<hr \/>\n<h4 style=\"text-align: center;\">\u062a\u062f\u0642\u064a\u0642 \u0634\u0627\u0645\u0644 \u0644\u0644\u062d\u0636\u0648\u0631 \u0627\u0644\u0631\u0642\u0645\u064a \u0645\u0639 \u062a\u0642\u0631\u064a\u0631 \u0648\u062e\u0637\u0629 \u0639\u0645\u0644 \u0648\u0627\u0636\u062d\u0629<\/h4>","protected":false},"excerpt":{"rendered":"<p>Diagnostic concret de votre pr\u00e9sence en ligne + rapport actionnable.<\/p>","protected":false},"featured_media":42308,"comment_status":"open","ping_status":"closed","template":"","meta":[],"product_brand":[],"product_cat":[1478],"product_tag":[1484,1485,1482,1483],"class_list":{"0":"post-42299","1":"product","2":"type-product","3":"status-publish","4":"has-post-thumbnail","6":"product_cat-identite-visibilite-digitale-artisans-cooperatives","7":"product_tag-artisans","8":"product_tag-cooperatives","9":"product_tag-ouafra","10":"product_tag-services","12":"first","13":"instock","14":"sale","15":"taxable","16":"shipping-taxable","17":"purchasable","18":"product-type-simple"},"_links":{"self":[{"href":"https:\/\/ouafra.com\/en\/wp-json\/wp\/v2\/product\/42299","targetHints":{"allow":["GET"]}}],"collection":[{"href":"https:\/\/ouafra.com\/en\/wp-json\/wp\/v2\/product"}],"about":[{"href":"https:\/\/ouafra.com\/en\/wp-json\/wp\/v2\/types\/product"}],"replies":[{"embeddable":true,"href":"https:\/\/ouafra.com\/en\/wp-json\/wp\/v2\/comments?post=42299"}],"wp:featuredmedia":[{"embeddable":true,"href":"https:\/\/ouafra.com\/en\/wp-json\/wp\/v2\/media\/42308"}],"wp:attachment":[{"href":"https:\/\/ouafra.com\/en\/wp-json\/wp\/v2\/media?parent=42299"}],"wp:term":[{"taxonomy":"product_brand","embeddable":true,"href":"https:\/\/ouafra.com\/en\/wp-json\/wp\/v2\/product_brand?post=42299"},{"taxonomy":"product_cat","embeddable":true,"href":"https:\/\/ouafra.com\/en\/wp-json\/wp\/v2\/product_cat?post=42299"},{"taxonomy":"product_tag","embeddable":true,"href":"https:\/\/ouafra.com\/en\/wp-json\/wp\/v2\/product_tag?post=42299"}],"curies":[{"name":"wp","href":"https:\/\/api.w.org\/{rel}","templated":true}]}}