
{"id":42477,"date":"2026-01-23T19:57:40","date_gmt":"2026-01-23T18:57:40","guid":{"rendered":"https:\/\/ouafra.com\/?post_type=product&#038;p=42477"},"modified":"2026-01-23T23:17:49","modified_gmt":"2026-01-23T22:17:49","slug":"livret-premium-8-pages-presentation-catalogue","status":"publish","type":"product","link":"https:\/\/ouafra.com\/en\/produit\/livret-premium-8-pages-presentation-catalogue\/","title":{"rendered":"Livret Premium 8 pages \u2014 Pr\u00e9sentation &#038; Catalogue"},"content":{"rendered":"<h3>Inclus<\/h3>\n<ul>\n<li>Mise en page 8 pages (premium)<\/li>\n<li><strong data-start=\"2588\" data-end=\"2610\">Dimensions finales<\/strong>\u00a0:\u00a09 pages, 22,86 cm x 22,86 cm<strong data-start=\"2701\" data-end=\"2724\">Dimensions d\u00e9pli\u00e9es<\/strong>\u00a0:\u00a045,72 cm x 22,86 cm,\u00a0<b>Plis:<\/b>\u00a0reliure piqu\u00e9e<\/li>\n<li>Sommaire l\u00e9ger + sections<\/li>\n<li>QR (WhatsApp \/ boutique \/ Maps)<\/li>\n<li>PDF HD + version web<\/li>\n<li>1 aller-retour de corrections (light)<\/li>\n<\/ul>\n<h3>D\u00e9lais &amp; pr\u00e9requis<\/h3>\n<p>5 \u00e0 10 jours ouvr\u00e9s. \u00c0 fournir : texte, photos, liste produits, contact.<\/p>\n<hr \/>\n<h4 style=\"text-align: center;\">\u00a0\u0643\u062a\u064a\u0651\u0628 8 \u0635\u0641\u062d\u0627\u062a \u0627\u062d\u062a\u0631\u0627\u0641\u064a \u0644\u0639\u0631\u0636 \u0627\u0644\u062a\u0639\u0627\u0648\u0646\u064a\u0629 \u0648\u0627\u0644\u0645\u0646\u062a\u062c\u0627\u062a<\/h4>","protected":false},"excerpt":{"rendered":"<p>Un livret 8 pages premium pour raconter votre histoire et pr\u00e9senter vos produits.<\/p>","protected":false},"featured_media":42495,"comment_status":"open","ping_status":"closed","template":"","meta":[],"product_brand":[],"product_cat":[1486,1487],"product_tag":[1484,1485,1482,1483],"class_list":{"0":"post-42477","1":"product","2":"type-product","3":"status-publish","4":"has-post-thumbnail","6":"product_cat-brochures","7":"product_cat-flyers-catalogues","8":"product_tag-artisans","9":"product_tag-cooperatives","10":"product_tag-ouafra","11":"product_tag-services","13":"first","14":"instock","15":"taxable","16":"shipping-taxable","17":"purchasable","18":"product-type-variable"},"_links":{"self":[{"href":"https:\/\/ouafra.com\/en\/wp-json\/wp\/v2\/product\/42477","targetHints":{"allow":["GET"]}}],"collection":[{"href":"https:\/\/ouafra.com\/en\/wp-json\/wp\/v2\/product"}],"about":[{"href":"https:\/\/ouafra.com\/en\/wp-json\/wp\/v2\/types\/product"}],"replies":[{"embeddable":true,"href":"https:\/\/ouafra.com\/en\/wp-json\/wp\/v2\/comments?post=42477"}],"wp:featuredmedia":[{"embeddable":true,"href":"https:\/\/ouafra.com\/en\/wp-json\/wp\/v2\/media\/42495"}],"wp:attachment":[{"href":"https:\/\/ouafra.com\/en\/wp-json\/wp\/v2\/media?parent=42477"}],"wp:term":[{"taxonomy":"product_brand","embeddable":true,"href":"https:\/\/ouafra.com\/en\/wp-json\/wp\/v2\/product_brand?post=42477"},{"taxonomy":"product_cat","embeddable":true,"href":"https:\/\/ouafra.com\/en\/wp-json\/wp\/v2\/product_cat?post=42477"},{"taxonomy":"product_tag","embeddable":true,"href":"https:\/\/ouafra.com\/en\/wp-json\/wp\/v2\/product_tag?post=42477"}],"curies":[{"name":"wp","href":"https:\/\/api.w.org\/{rel}","templated":true}]}}