
{"id":42488,"date":"2026-01-23T19:57:42","date_gmt":"2026-01-23T18:57:42","guid":{"rendered":"https:\/\/ouafra.com\/produit\/modifications-mise-en-page-personnalisee-a-lheure\/"},"modified":"2026-01-24T00:45:04","modified_gmt":"2026-01-23T23:45:04","slug":"modifications-mise-en-page-personnalisee-a-lheure","status":"publish","type":"product","link":"https:\/\/ouafra.com\/en\/service\/modifications-mise-en-page-personnalisee-a-lheure\/","title":{"rendered":"Modifications &#038; Mise en page personnalis\u00e9e (\u00e0 l\u2019heure)"},"content":{"rendered":"<h3>Ce que \u00e7a couvre<\/h3>\n<ul>\n<li>Corrections texte\/prix\/QR<\/li>\n<li>D\u00e9clinaison formats<\/li>\n<li>Version bilingue \u00e0 partir d\u2019un design<\/li>\n<\/ul>\n<h3>Fonctionnement<\/h3>\n<p>1,480 DH \/ heure.<\/p>\n<hr \/>\n<h4 style=\"text-align: center;\"><strong>\u0627<\/strong>\u062a\u0639\u062f\u064a\u0644\u0627\u062a \u0648\u062a\u0635\u0645\u064a\u0645 \u062d\u0633\u0628 \u0627\u0644\u0633\u0627\u0639\u0629 \u0644\u062a\u062d\u062f\u064a\u062b \u0645\u0644\u0641\u0627\u062a\u0643 \u0628\u0633\u0631\u0639\u0629<\/h4>","protected":false},"excerpt":{"rendered":"<p>Corrections, d\u00e9clinaisons, mises \u00e0 jour : facturation \u00e0 l\u2019heure.<\/p>","protected":false},"featured_media":42513,"comment_status":"open","ping_status":"closed","template":"","meta":[],"product_brand":[],"product_cat":[1486,1487],"product_tag":[1484,1485,1482,1483],"class_list":{"0":"post-42488","1":"product","2":"type-product","3":"status-publish","4":"has-post-thumbnail","6":"product_cat-brochures","7":"product_cat-flyers-catalogues","8":"product_tag-artisans","9":"product_tag-cooperatives","10":"product_tag-ouafra","11":"product_tag-services","13":"first","14":"instock","15":"taxable","16":"shipping-taxable","17":"purchasable","18":"product-type-simple"},"_links":{"self":[{"href":"https:\/\/ouafra.com\/en\/wp-json\/wp\/v2\/product\/42488","targetHints":{"allow":["GET"]}}],"collection":[{"href":"https:\/\/ouafra.com\/en\/wp-json\/wp\/v2\/product"}],"about":[{"href":"https:\/\/ouafra.com\/en\/wp-json\/wp\/v2\/types\/product"}],"replies":[{"embeddable":true,"href":"https:\/\/ouafra.com\/en\/wp-json\/wp\/v2\/comments?post=42488"}],"wp:featuredmedia":[{"embeddable":true,"href":"https:\/\/ouafra.com\/en\/wp-json\/wp\/v2\/media\/42513"}],"wp:attachment":[{"href":"https:\/\/ouafra.com\/en\/wp-json\/wp\/v2\/media?parent=42488"}],"wp:term":[{"taxonomy":"product_brand","embeddable":true,"href":"https:\/\/ouafra.com\/en\/wp-json\/wp\/v2\/product_brand?post=42488"},{"taxonomy":"product_cat","embeddable":true,"href":"https:\/\/ouafra.com\/en\/wp-json\/wp\/v2\/product_cat?post=42488"},{"taxonomy":"product_tag","embeddable":true,"href":"https:\/\/ouafra.com\/en\/wp-json\/wp\/v2\/product_tag?post=42488"}],"curies":[{"name":"wp","href":"https:\/\/api.w.org\/{rel}","templated":true}]}}