
{"id":42489,"date":"2026-01-23T19:57:43","date_gmt":"2026-01-23T18:57:43","guid":{"rendered":"https:\/\/ouafra.com\/produit\/service-express-jour-meme-add-on\/"},"modified":"2026-01-25T15:15:48","modified_gmt":"2026-01-25T14:15:48","slug":"service-express-jour-meme-add-on","status":"publish","type":"product","link":"https:\/\/ouafra.com\/en\/service\/service-express-jour-meme-add-on\/","title":{"rendered":"Service Express (jour m\u00eame) \u2014 Add-on"},"content":{"rendered":"<h3>Conditions<\/h3>\n<p>Valable si les \u00e9l\u00e9ments (texte, photos) sont complets et valid\u00e9s avant 10h00.<\/p>\n<hr \/>\n<h4 style=\"text-align: center;\">\u00a0\u062e\u062f\u0645\u0629 \u0645\u0633\u062a\u0639\u062c\u0644\u0629: \u062a\u0633\u0644\u064a\u0645 \u0641\u064a \u0646\u0641\u0633 \u0627\u0644\u064a\u0648\u0645 \u0639\u0646\u062f \u062a\u0623\u0643\u064a\u062f \u0627\u0644\u0645\u0644\u0641\u0627\u062a \u0642\u0628\u0644 10 \u0635\u0628\u0627\u062d\u064b\u0627<\/h4>","protected":false},"excerpt":{"rendered":"<p>Option Express : livraison le jour m\u00eame (validation avant 10h00).<\/p>","protected":false},"featured_media":42512,"comment_status":"open","ping_status":"closed","template":"","meta":[],"product_brand":[],"product_cat":[1486,1487],"product_tag":[1484,1485,1482,1483],"class_list":{"0":"post-42489","1":"product","2":"type-product","3":"status-publish","4":"has-post-thumbnail","6":"product_cat-brochures","7":"product_cat-flyers-catalogues","8":"product_tag-artisans","9":"product_tag-cooperatives","10":"product_tag-ouafra","11":"product_tag-services","13":"first","14":"instock","15":"taxable","16":"shipping-taxable","17":"purchasable","18":"product-type-simple"},"_links":{"self":[{"href":"https:\/\/ouafra.com\/en\/wp-json\/wp\/v2\/product\/42489","targetHints":{"allow":["GET"]}}],"collection":[{"href":"https:\/\/ouafra.com\/en\/wp-json\/wp\/v2\/product"}],"about":[{"href":"https:\/\/ouafra.com\/en\/wp-json\/wp\/v2\/types\/product"}],"replies":[{"embeddable":true,"href":"https:\/\/ouafra.com\/en\/wp-json\/wp\/v2\/comments?post=42489"}],"wp:featuredmedia":[{"embeddable":true,"href":"https:\/\/ouafra.com\/en\/wp-json\/wp\/v2\/media\/42512"}],"wp:attachment":[{"href":"https:\/\/ouafra.com\/en\/wp-json\/wp\/v2\/media?parent=42489"}],"wp:term":[{"taxonomy":"product_brand","embeddable":true,"href":"https:\/\/ouafra.com\/en\/wp-json\/wp\/v2\/product_brand?post=42489"},{"taxonomy":"product_cat","embeddable":true,"href":"https:\/\/ouafra.com\/en\/wp-json\/wp\/v2\/product_cat?post=42489"},{"taxonomy":"product_tag","embeddable":true,"href":"https:\/\/ouafra.com\/en\/wp-json\/wp\/v2\/product_tag?post=42489"}],"curies":[{"name":"wp","href":"https:\/\/api.w.org\/{rel}","templated":true}]}}