
{"id":42516,"date":"2026-01-24T00:48:01","date_gmt":"2026-01-23T23:48:01","guid":{"rendered":"https:\/\/ouafra.com\/?post_type=product&#038;p=42516"},"modified":"2026-01-28T15:26:46","modified_gmt":"2026-01-28T14:26:46","slug":"photographie-de-produits-packs-retouches","status":"publish","type":"product","link":"https:\/\/ouafra.com\/en\/service\/photographie-de-produits-packs-retouches\/","title":{"rendered":"Photographie de Produits \u2014 Packs &#038; Retouches"},"content":{"rendered":"<p data-start=\"488\" data-end=\"615\">Vos photos sont votre vendeur silencieux. Ce service est pens\u00e9 pour les artisans, coop\u00e9ratives et marques locales qui veulent :<\/p>\n<ul data-start=\"616\" data-end=\"814\">\n<li data-start=\"616\" data-end=\"672\">\n<p data-start=\"618\" data-end=\"672\">des <strong data-start=\"622\" data-end=\"643\">packshots propres<\/strong> (fond clair, angles utiles),<\/p>\n<\/li>\n<li data-start=\"673\" data-end=\"730\">\n<p data-start=\"675\" data-end=\"730\">des photos <strong data-start=\"686\" data-end=\"700\">coh\u00e9rentes<\/strong> (m\u00eames lumi\u00e8res, m\u00eames tons),<\/p>\n<\/li>\n<li data-start=\"731\" data-end=\"814\">\n<p data-start=\"733\" data-end=\"814\">et un rendu pr\u00eat \u00e0 publier sur Marketplaces comme <strong data-start=\"764\" data-end=\"813\">Etsy, Amazon Handmade\u00a0 ou encore\u00a0 WhatsApp Business \/ Instagram<\/strong>.<\/p>\n<\/li>\n<\/ul>\n<h3>Inclus<\/h3>\n<ul>\n<li data-start=\"860\" data-end=\"920\">\n<p data-start=\"862\" data-end=\"920\"><strong data-start=\"862\" data-end=\"882\">Shooting produit<\/strong> : angles essentiels + d\u00e9tails mati\u00e8re<\/p>\n<\/li>\n<li data-start=\"921\" data-end=\"980\">\n<p data-start=\"923\" data-end=\"980\"><strong data-start=\"923\" data-end=\"938\">Fond propre<\/strong> (packshot) et\/ou <strong data-start=\"956\" data-end=\"980\">mise en sc\u00e8ne simple<\/strong><\/p>\n<\/li>\n<li data-start=\"981\" data-end=\"1030\">\n<p data-start=\"983\" data-end=\"1030\"><strong data-start=\"983\" data-end=\"1003\">Exports web + HD<\/strong> (site, catalogue, r\u00e9seaux)<\/p>\n<\/li>\n<li data-start=\"1031\" data-end=\"1087\">\n<p data-start=\"1033\" data-end=\"1087\"><strong data-start=\"1033\" data-end=\"1046\">Retouches<\/strong> (standard ou avanc\u00e9es selon votre choix)<\/p>\n<\/li>\n<\/ul>\n<h3>Option Envoi colis<\/h3>\n<p>Envoyez vos produits : g\u00e9n\u00e9ralement moins cher que sur place et plus simple \u00e0 planifier.<\/p>\n<h3>D\u00e9lais<\/h3>\n<ul>\n<li data-start=\"1436\" data-end=\"1468\">\n<p data-start=\"1438\" data-end=\"1468\"><strong data-start=\"1438\" data-end=\"1458\">1 \u00e0 3 produits :<\/strong> 48h\u201372h<\/p>\n<\/li>\n<li data-start=\"1469\" data-end=\"1556\">\n<p data-start=\"1471\" data-end=\"1556\"><strong data-start=\"1471\" data-end=\"1489\">Pack complet :<\/strong> 3 \u00e0 7 jours ouvr\u00e9s (\u00e0 partir de la r\u00e9ception des produits\/brief)<\/p>\n<\/li>\n<\/ul>\n<h3 data-start=\"1563\" data-end=\"1611\">Requis<\/h3>\n<ul data-start=\"1612\" data-end=\"1779\">\n<li data-start=\"1612\" data-end=\"1663\">\n<p data-start=\"1614\" data-end=\"1663\">Liste des produits + variantes (couleurs\/Motifs\/tailles)<\/p>\n<\/li>\n<li data-start=\"1664\" data-end=\"1736\">\n<p data-start=\"1666\" data-end=\"1736\">Prix indicatifs et style souhait\u00e9 (fond blanc \/ fond cr\u00e8me \/ ambiance)<\/p>\n<\/li>\n<li data-start=\"1737\" data-end=\"1779\">\n<p data-start=\"1739\" data-end=\"1779\">1 ou 2 r\u00e9f\u00e9rences visuelles (facultatif)<\/p>\n<\/li>\n<\/ul>\n<h3>Questions fr\u00e9quemment pos\u00e9es<\/h3>\n<h3 data-start=\"2749\" data-end=\"2808\">1) Comment choisir entre \u201cenvoi colis\u201d et \u201csur place\u201d ?<\/h3>\n<p data-start=\"2809\" data-end=\"3028\"><strong data-start=\"2809\" data-end=\"2824\">Envoi colis<\/strong> est id\u00e9al si vos produits sont faciles \u00e0 exp\u00e9dier : plus rapide et souvent moins cher. <strong data-start=\"2914\" data-end=\"2927\">Sur place<\/strong> est mieux si les produits sont volumineux, fragiles, ou si vous voulez int\u00e9grer votre d\u00e9cor\/atelier.<\/p>\n<h3 data-start=\"3030\" data-end=\"3097\">2) Les photos sont-elles compatibles Etsy \/ Ouafra \/ WhatsApp ?<\/h3>\n<p data-start=\"3098\" data-end=\"3256\">Oui. On livre des fichiers <strong data-start=\"3125\" data-end=\"3142\">optimis\u00e9s web<\/strong> + <strong data-start=\"3145\" data-end=\"3160\">versions HD<\/strong>, avec cadrages adapt\u00e9s aux grilles Etsy et aux catalogues WhatsApp (images nettes, coh\u00e9rentes).<\/p>\n<h3 data-start=\"3258\" data-end=\"3328\">3) Quelle est la diff\u00e9rence entre retouches standard et avanc\u00e9es ?<\/h3>\n<ul data-start=\"3329\" data-end=\"3518\">\n<li data-start=\"3329\" data-end=\"3397\">\n<p data-start=\"3331\" data-end=\"3397\"><strong data-start=\"3331\" data-end=\"3345\">Standard :<\/strong> lumi\u00e8re, contraste, nettet\u00e9, petites corrections.<\/p>\n<\/li>\n<li data-start=\"3398\" data-end=\"3518\">\n<p data-start=\"3400\" data-end=\"3518\"><strong data-start=\"3400\" data-end=\"3414\">Avanc\u00e9es :<\/strong> d\u00e9tourage propre, fond travaill\u00e9, effets sp\u00e9cifiques, rendu \u201cpremium\u201d (utile pour pubs &amp; marketplaces).<\/p>\n<\/li>\n<\/ul>\n<hr \/>\n<h4 style=\"text-align: center;\">\u00a0\u062a\u0635\u0648\u064a\u0631 \u0645\u0646\u062a\u062c\u0627\u062a \u0627\u062d\u062a\u0631\u0627\u0641\u064a \u0644\u0644\u0628\u064a\u0639 \u0639\u0628\u0631 \u0627\u0644\u0625\u0646\u062a\u0631\u0646\u062a \u0645\u0639 \u062e\u064a\u0627\u0631\u0627\u062a \u0627\u0644\u062a\u0639\u062f\u064a\u0644<\/h4>","protected":false},"excerpt":{"rendered":"<p>Shooting produits e-commerce : packs + retouches, pr\u00eat Etsy\/Ouafra.<\/p>","protected":false},"featured_media":42527,"comment_status":"open","ping_status":"closed","template":"","meta":[],"product_brand":[],"product_cat":[1471],"product_tag":[1484,1541,1543,1530,1485,1537,1482,1516,1527,1538,1536,1535,1542,1499,1534,1539,1523,1483,1540],"class_list":{"0":"post-42516","1":"product","2":"type-product","3":"status-publish","4":"has-post-thumbnail","6":"product_cat-photographie-video-artisans-cooperatives","7":"product_tag-artisans","8":"product_tag-contenus-boutique","9":"product_tag-conversion-ecommerce","10":"product_tag-cooperative","11":"product_tag-cooperatives","12":"product_tag-fond-blanc","13":"product_tag-ouafra","14":"product_tag-ouafra-services","15":"product_tag-packshots","16":"product_tag-photo-artisanat","17":"product_tag-photo-catalogue","18":"product_tag-photo-etsy","19":"product_tag-photo-pack-produit","20":"product_tag-photographie-produit","21":"product_tag-photos-ecommerce","22":"product_tag-produits-marocains","23":"product_tag-retouche-photo","24":"product_tag-services","25":"product_tag-visuels-whatsapp","27":"first","28":"instock","29":"taxable","30":"shipping-taxable","31":"purchasable","32":"product-type-variable"},"_links":{"self":[{"href":"https:\/\/ouafra.com\/en\/wp-json\/wp\/v2\/product\/42516","targetHints":{"allow":["GET"]}}],"collection":[{"href":"https:\/\/ouafra.com\/en\/wp-json\/wp\/v2\/product"}],"about":[{"href":"https:\/\/ouafra.com\/en\/wp-json\/wp\/v2\/types\/product"}],"replies":[{"embeddable":true,"href":"https:\/\/ouafra.com\/en\/wp-json\/wp\/v2\/comments?post=42516"}],"wp:featuredmedia":[{"embeddable":true,"href":"https:\/\/ouafra.com\/en\/wp-json\/wp\/v2\/media\/42527"}],"wp:attachment":[{"href":"https:\/\/ouafra.com\/en\/wp-json\/wp\/v2\/media?parent=42516"}],"wp:term":[{"taxonomy":"product_brand","embeddable":true,"href":"https:\/\/ouafra.com\/en\/wp-json\/wp\/v2\/product_brand?post=42516"},{"taxonomy":"product_cat","embeddable":true,"href":"https:\/\/ouafra.com\/en\/wp-json\/wp\/v2\/product_cat?post=42516"},{"taxonomy":"product_tag","embeddable":true,"href":"https:\/\/ouafra.com\/en\/wp-json\/wp\/v2\/product_tag?post=42516"}],"curies":[{"name":"wp","href":"https:\/\/api.w.org\/{rel}","templated":true}]}}